{"id":3257,"date":"2015-03-24T17:14:07","date_gmt":"2015-03-24T17:14:07","guid":{"rendered":"http:\/\/www.roccafiorewines.com\/shop\/?page_id=3257"},"modified":"2015-04-27T07:56:30","modified_gmt":"2015-04-27T07:56:30","slug":"legals","status":"publish","type":"page","link":"https:\/\/shop.roccafiore.it\/en\/legals\/","title":{"rendered":"Legals"},"content":{"rendered":"<p class=\"h-large\">Clausole di Vendita<\/p>\n<p>Il presente sito \u00e8 propriet\u00e0 di: <strong>IL COLLINO DI TODI SAS<\/strong> [row ] [col span=&#8221;1\/2&#8243; ] <\/p>\n<p>Sede Legale: Via Tiberina, 175 &#8211; 06059 Pantalla PG<br \/>Sede Operativa: Loc. Chioano \u2013 06059 Todi PG<br \/>Codice Fiscale\/Partita IVA: 02539610549<\/p>\n<p>[\/col] [col span=&#8221;1\/2&#8243; ]<\/p>\n<p>Tel: \u00a0+39 075 888 174 Fax: +39 075 888 720 E-mail: info@roccafiore.it<\/p>\n<p>[\/col] [\/row] <\/p>\n<p>La vendita sul presente sito \u00e8 regolata dalle presenti Condizioni Generali di Vendita (in accordo alla legge italiana ed in particolare al D.Lgs. 70\/2003 relativamente al commercio elettronico e al D.Lgs. 206\/2005 con specifico riferimento alla normativa in materia di contratti a distanza). Si invita pertanto il Cliente, prima dell\u2019invio dell\u2019ordine, a leggere attentamente le condizioni di vendita e le informazioni ivi contenute e a stamparle o salvarle su altro supporto duraturo a lui accessibile. Eventuali modifiche o nuove condizioni di vendita verranno tempestivamente segnalate al Cliente, saranno efficaci dal momento della pubblicazione sul sito e verranno applicate alle sole vendite concluse successivamente alla pubblicazione. L\u2019invio dell\u2019ordine da parte del Cliente vale come accettazione delle condizioni di vendita a quel momento vigenti.<\/p>\n<p class=\"h-large\">Conclusione del contratto<\/p>\n<p>L\u2019ordine inviato dal Cliente a IL COLLINO DI TODI SAS attraverso la rete Internet deve essere completato in ogni sua parte e deve contenere gli elementi necessari per l\u2019identificazione del Cliente e dei prodotti ordinati nonch\u00e9 l\u2019indicazione del luogo di consegna, pena la sua nullit\u00e0. IL COLLINO DI TODI SAS invier\u00e0 al Cliente, tramite posta elettronica, una conferma di ricevuta d\u2019ordine.<\/p>\n<p class=\"h-large\">Requisiti di et\u00e0<\/p>\n<p>Gli Utenti dichiarano di essere maggiorenni secondo la legislazione loro applicabile. I minorenni possono utilizzare questo sito solo con l\u2019assistenza di un genitore o di un tutore. In nessun caso minori di 13 anni possono usare questo sito.<\/p>\n<p class=\"h-large\">Caratteristiche e disponibilit\u00e0 dei prodotti<\/p>\n<p>In particolari circostanze, IL COLLINO DI TODI SAS potrebbe non essere in grado di assicurare la disponibilit\u00e0 di tutti i prodotti offerti e non potr\u00e0 pertanto essere considerata responsabile per la temporanea indisponibilit\u00e0 di uno o pi\u00f9 prodotti. Fatto salvo quanto di seguito pattuito (Diritto di recesso) l\u2019invio dell\u2019ordine da parte del Cliente vale come accettazione anche di un\u2019eventuale consegna parziale, limitata ai prodotti disponibili nell\u2019ambito di quelli ordinati, nonch\u00e9 come rinuncia a richiedere a tale titolo risarcimenti e\/o indennizzi. IL COLLINO DI TODI SAS si impegna peraltro, a norma di legge, ad informare tempestivamente il Cliente dell\u2019eventuale indisponibilit\u00e0 del prodotto ordinato.<\/p>\n<p class=\"h-large\">Diritto di recesso<\/p>\n<p>Il Cliente ha diritto di recedere dal contratto, senza alcuna penalit\u00e0 e senza specificarne il motivo, entro 10 giorni lavorativi dalla consegna del prodotto o prodotti acquistati, secondo correttezza e buona fede, previa comunicazione scritta da inoltrarsi a IL COLLINO DI TODI SAS tramite posta elettronica all\u2019indirizzo info@roccafiore.it Nella comunicazione il Cliente dovr\u00e0 indicare il prodotto o i prodotti per i quali intende esercitare il diritto di recesso. IL COLLINO DI TODI SAS provveder\u00e0, a propria cura e spese, al ritiro del prodotto o dei prodotti in parola con le modalit\u00e0 e nei termini che verranno previamente concordati con il Cliente, salvo propria rinuncia alla restituzione di quanto sopra.<\/p>\n<p class=\"h-large\">Consegna<\/p>\n<p>IL COLLINO DI TODI SAS effettua la consegna del prodotto o dei prodotti ordinati dal Cliente, alle condizioni che verranno espressamente menzionate durante la procedura d\u2019acquisto.<\/p>\n<p class=\"h-large\">Prezzi e modalit\u00e0 di pagamento<\/p>\n<p>I prezzi dei prodotti indicati nelle varie sezioni del presente sito sono comprensivi di IVA. I prezzi applicati sono quelli indicati nel sito al momento dell\u2019ordine da parte del Cliente. I prezzi dei singoli prodotti sono suscettibili di variazione e, pertanto, i prezzi di volta in volta indicati nel sito, annullano e sostituiscono quelli precedentemente indicati. Il prezzo dei prodotti acquistati, unitamente al costo della consegna a domicilio, dovr\u00e0 essere pagato dal Cliente.<\/p>\n<p class=\"h-large\">Garanzie e responsabilit\u00e0<\/p>\n<p>IL COLLINO DI TODI SAS, nei limiti di disponibilit\u00e0 come sopra disciplinati, garantisce che verranno consegnati prodotti eguali a quelli indicati e descritti nel sito. Per tutti i prodotti venduti vale la responsabilit\u00e0 del produttore. Il produttore \u00e8 responsabile anche della veridicit\u00e0 e completezza delle indicazioni riportate sulle confezioni. Le immagini presenti sul sito sono fornite al Cliente per agevolare il riconoscimento dei prodotti; a causa di variazioni nella confezione da parte del produttore, le foto potrebbero non rispecchiare esattamente l\u2019aspetto del prodotto consegnato.<\/p>\n<p class=\"h-large\">Controversie e legge applicabile<\/p>\n<p>Le controversie civili inerenti l\u2019applicazione, l\u2019esecuzione e l\u2019interpretazione del contratto di vendita a distanza sono sottoposte alla giurisdizione italiana e sar\u00e0 competente il Foro del luogo di residenza o di domicilio del Cliente, se ubicati nel territorio italiano. I contratti stipulati a distanza con IL COLLINO DI TODI SAS sono regolati dalla legge italiana e, per quanto non espressamente previsto, valgono le norme di legge in materia. Condizioni Privacy Con riferimento al D. Lgs. n.196\/2003 (Codice in Materia di protezione dei Dati Personali), Il Collino di Todi Sas, con sede in (Via Tiberina 175, Pantalla di Todi), intende effettuare il trattamento dei dati personali che ci avete forniti, esclusivamente per l&#8217;esecuzione degli obblighi contrattuali o di legge derivanti dai rapporti commerciali tra noi in essere. Ai sensi dell&#8217;art. 13 del Codice suddetto, siamo tenuti a comunicarVi quanto segue:<\/p>\n<p class=\"h-large\">Finalit\u00e0 del trattamento.<\/p>\n<p>I dati che Voi mettete a nostra disposizione sono trattati nell&#8217;ambito della normale attivit\u00e0 della ns. azienda ed in particolare per l&#8217;esecuzione degli obblighi derivanti dai contratti conclusi o dalla legge (es. adempimenti amministrativi, fiscali, contabili, ecc.) e per ricerche di mercato e direct marketing.<\/p>\n<p class=\"h-large\">Modalit\u00e0 del trattamento.<\/p>\n<p>Per quanto concerne le modalit\u00e0 del trattamento dei dati, precisiamo che i Vostri dati saranno inseriti in un apposito archivio anagrafico, sia cartaceo che informatico. Ferma restando l&#8217;applicazione di adeguate misure di sicurezza per la protezione e riservatezza dei dati, ai sensi del Codice in Materia di Protezione dei Dati Personali, il trattamento dei Vostri dati personali avverr\u00e0 tramite appositi programmi di elaborazione ed archiviazione dati.<\/p>\n<p class=\"h-large\">Natura obbligatoria o facoltativa del conferimento dei dati.<\/p>\n<p>Per completezza desideriamo informarVi che il conferimento dei dati personali \u00e8 necessario (e, pertanto, non \u00e8 richiesto il Vostro consenso, ai sensi dell&#8217;art.23 e ss. del Codice) nella misura in cui essi sono utilizzati per l&#8217;esecuzione da parte della nostra societ\u00e0 di obblighi contrattuali o di legge, o riguardano dati provenienti da pubblici registri, elenchi, atti o documenti conoscibili da chiunque e, comunque, ad esclusione della diffusione, qualora il trattamento sia effettuato per far valere o difendere un diritto in sede giudiziaria.<\/p>\n<p class=\"h-large\">Conseguenze di un eventuale rifiuto di rispondere.<\/p>\n<p>Il rifiuto di fornire dati da noi ritenuti fondamentali (es. nome, cognome, ragione sociale, sede legale, sede operativa, eventuali sedi secondarie, capitale sociale, numeri di telefono, numeri di fax, legale rappresentante, codice fiscale e partita IVA, oggetto sociale, riferimenti bancari, ecc.) pu\u00f2 comportare l&#8217;impossibilit\u00e0 di instaurare o proseguire rapporti di natura contrattuale.<\/p>\n<p class=\"h-large\">Categorie di soggetti ai quali i dati possono essere comunicati.<\/p>\n<p>I Vostri dati personali potranno essere comunicati alle seguenti categorie di soggetti: &#8211; soggetti ai quali la facolt\u00e0 di accedere ai dati stessi sia accordata da disposizioni di legge o regolamenti; &#8211; istituti di credito per la gestione degli incassi e dei pagamenti, istituti finanziari, assicurativi e di revisione contabile; &#8211; societ\u00e0 di recupero credito; &#8211; societ\u00e0 di elaborazione dati e di servizi informatici; &#8211; societ\u00e0 che effettuano il servizio di invio della corrispondenza; &#8211; societ\u00e0 collegate, controllate o controllanti.<\/p>\n<p class=\"h-large\"><a name=\"privacy\"><\/a>Categorie di soggetti che possono venire a conoscenza dei dati.<\/p>\n<p>I Vostri dati personali saranno trattati dalle seguenti categorie di persone: &#8211; management della societ\u00e0, in qualit\u00e0 di responsabili e\/o incaricati al trattamento; &#8211; addetti della sede operativa, in qualit\u00e0 di incaricati al trattamento; &#8211; management degli alberghi, in qualit\u00e0 di responsabili e\/o incaricati al trattamento; &#8211; addetti al ricevimento, all&#8217;amministrazione e all&#8217;economato delle strutture gestite da Roccafiore in qualit\u00e0 di incaricati al trattamento. I dati non saranno mai oggetto di diffusione, se non con esplicito consenso da parte Vostra.<\/p>\n<p class=\"h-large\">Diritti di cui all&#8217;art. 7 del D. Lgs. 196\/2003.<\/p>\n<p>Infine, in relazione a tutto quanto precede, richiamiamo la Vostra attenzione sui diritti a Voi spettanti in virt\u00f9 dell&#8217;art.7 del Codice in Materia di Protezione dei Dati Personali, al quale rinviamo e fra i quali menzioniamo il diritto di ottenere, a cura della nostra societ\u00e0: a) l&#8217;indicazione dell&#8217;origine dei dati, delle finalit\u00e0 e modalit\u00e0 del trattamento, degli estremi identificativi del titolare e dei responsabili del trattamento e dei soggetti o categorie di soggetti ai quali i dati possono essere comunicati o che ne possono venire a conoscenza in qualit\u00e0 di responsabili o incaricati al trattamento; b) la conferma dell&#8217;esistenza di dati personali che Vi riguardano e delle logiche applicate in caso di trattamento effettuato con l&#8217;ausilio di strumenti elettronici; c) la cancellazione nonch\u00e9 la trasformazione in forma anonima ovvero il blocco dei dati trattati in violazione di legge; d) l&#8217;aggiornamento, la rettificazione ovvero &#8211; qualora vi sia l&#8217;interesse &#8211; l&#8217;integrazione di tali dati personali; e) l&#8217;attestazione che le operazioni di cui alle lettere c) e d) sono state portate a conoscenza di coloro ai quali i dati sono stati comunicati o diffusi, ad eccezione dei casi previsti dalla legge; f) il diritto di opporsi per motivi legittimi al trattamento dei Vostri dati personali ancorch\u00e9 pertinenti allo scopo della raccolta; g) il diritto di opporsi, in ogni caso, al trattamento dei Vostri dati personali al fine di invio di materiale pubblicitario o di vendita diretta o di compimento di ricerche di mercato o di comunicazione commerciale.<\/p>\n<p class=\"h-large\">Soggetti che effettuano il trattamento.<\/p>\n<p>Titolare del trattamento \u00e8 Il Collino di Todi Sas, con sede in Via Tiberina 175, 06059 Pantalla di Todi. Per poter conoscere in modo agevole i responsabili \u00e8 sufficiente inviare una e-mail al seguente indirizzo: info@roccafiore.it. Con riferimento al D. Lgs. n.196\/2003 (Codice in Materia di protezione dei Dati Personali), Il Collino di Todi Sas, con sede in (Via Tiberina 175, Pantalla di Todi), intende effettuare il trattamento dei dati personali che ci avete forniti, esclusivamente per l&#8217;esecuzione degli obblighi contrattuali o di legge derivanti dai rapporti commerciali tra noi in essere. Ai sensi dell&#8217;art. 13 del Codice suddetto, siamo tenuti a comunicarVi quanto segue:<\/p>\n<p class=\"h-large\">Finalit\u00e0 del trattamento.<\/p>\n<p>I dati che Voi mettete a nostra disposizione sono trattati nell&#8217;ambito della normale attivit\u00e0 della ns. azienda ed in particolare per l&#8217;esecuzione degli obblighi derivanti dai contratti conclusi o dalla legge (es. adempimenti amministrativi, fiscali, contabili, ecc.) e per ricerche di mercato e direct marketing.<\/p>\n<p class=\"h-large\">Modalit\u00e0 del trattamento.<\/p>\n<p>Per quanto concerne le modalit\u00e0 del trattamento dei dati, precisiamo che i Vostri dati saranno inseriti in un apposito archivio anagrafico, sia cartaceo che informatico. Ferma restando l&#8217;applicazione di adeguate misure di sicurezza per la protezione e riservatezza dei dati, ai sensi del Codice in Materia di Protezione dei Dati Personali, il trattamento dei Vostri dati personali avverr\u00e0 tramite appositi programmi di elaborazione ed archiviazione dati.<\/p>\n<p class=\"h-large\">Natura obbligatoria o facoltativa del conferimento dei dati.<\/p>\n<p>Per completezza desideriamo informarVi che il conferimento dei dati personali \u00e8 necessario (e, pertanto, non \u00e8 richiesto il Vostro consenso, ai sensi dell&#8217;art.23 e ss. del Codice) nella misura in cui essi sono utilizzati per l&#8217;esecuzione da parte della nostra societ\u00e0 di obblighi contrattuali o di legge, o riguardano dati provenienti da pubblici registri, elenchi, atti o documenti conoscibili da chiunque e, comunque, ad esclusione della diffusione, qualora il trattamento sia effettuato per far valere o difendere un diritto in sede giudiziaria.<\/p>\n<p class=\"h-large\">Conseguenze di un eventuale rifiuto di rispondere.<\/p>\n<p>Il rifiuto di fornire dati da noi ritenuti fondamentali (es. nome, cognome, ragione sociale, sede legale, sede operativa, eventuali sedi secondarie, capitale sociale, numeri di telefono, numeri di fax, legale rappresentante, codice fiscale e partita IVA, oggetto sociale, riferimenti bancari, ecc.) pu\u00f2 comportare l&#8217;impossibilit\u00e0 di instaurare o proseguire rapporti di natura contrattuale.<\/p>\n<p class=\"h-large\">Categorie di soggetti ai quali i dati possono essere comunicati.<\/p>\n<p>I Vostri dati personali potranno essere comunicati alle seguenti categorie di soggetti: &#8211; soggetti ai quali la facolt\u00e0 di accedere ai dati stessi sia accordata da disposizioni di legge o regolamenti; &#8211; istituti di credito per la gestione degli incassi e dei pagamenti, istituti finanziari, assicurativi e di revisione contabile; &#8211; societ\u00e0 di recupero credito; &#8211; societ\u00e0 di elaborazione dati e di servizi informatici; &#8211; societ\u00e0 che effettuano il servizio di invio della corrispondenza; &#8211; societ\u00e0 collegate, controllate o controllanti.<\/p>\n<p class=\"h-large\">Categorie di soggetti che possono venire a conoscenza dei dati.<\/p>\n<p>I Vostri dati personali saranno trattati dalle seguenti categorie di persone: &#8211; management della societ\u00e0, in qualit\u00e0 di responsabili e\/o incaricati al trattamento; &#8211; addetti della sede operativa, in qualit\u00e0 di incaricati al trattamento; &#8211; management degli alberghi, in qualit\u00e0 di responsabili e\/o incaricati al trattamento; &#8211; addetti al ricevimento, all&#8217;amministrazione e all&#8217;economato delle strutture gestite da Roccafiore in qualit\u00e0 di incaricati al trattamento. I dati non saranno mai oggetto di diffusione, se non con esplicito consenso da parte Vostra.<\/p>\n<p class=\"h-large\">Diritti di cui all&#8217;art. 7 del D. Lgs. 196\/2003.<\/p>\n<p>Infine, in relazione a tutto quanto precede, richiamiamo la Vostra attenzione sui diritti a Voi spettanti in virt\u00f9 dell&#8217;art.7 del Codice in Materia di Protezione dei Dati Personali, al quale rinviamo e fra i quali menzioniamo il diritto di ottenere, a cura della nostra societ\u00e0: a) l&#8217;indicazione dell&#8217;origine dei dati, delle finalit\u00e0 e modalit\u00e0 del trattamento, degli estremi identificativi del titolare e dei responsabili del trattamento e dei soggetti o categorie di soggetti ai quali i dati possono essere comunicati o che ne possono venire a conoscenza in qualit\u00e0 di responsabili o incaricati al trattamento; b) la conferma dell&#8217;esistenza di dati personali che Vi riguardano e delle logiche applicate in caso di trattamento effettuato con l&#8217;ausilio di strumenti elettronici; c) la cancellazione nonch\u00e9 la trasformazione in forma anonima ovvero il blocco dei dati trattati in violazione di legge; d) l&#8217;aggiornamento, la rettificazione ovvero &#8211; qualora vi sia l&#8217;interesse &#8211; l&#8217;integrazione di tali dati personali; e) l&#8217;attestazione che le operazioni di cui alle lettere c) e d) sono state portate a conoscenza di coloro ai quali i dati sono stati comunicati o diffusi, ad eccezione dei casi previsti dalla legge; f) il diritto di opporsi per motivi legittimi al trattamento dei Vostri dati personali ancorch\u00e9 pertinenti allo scopo della raccolta; g) il diritto di opporsi, in ogni caso, al trattamento dei Vostri dati personali al fine di invio di materiale pubblicitario o di vendita diretta o di compimento di ricerche di mercato o di comunicazione commerciale.<\/p>\n<p class=\"h-large\">Soggetti che effettuano il trattamento.<\/p>\n<p>Titolare del trattamento \u00e8 Il Collino di Todi Sas, con sede in Via Tiberina 175, 06059 Pantalla di Todi. Per poter conoscere in modo agevole i responsabili \u00e8 sufficiente inviare una e-mail al seguente indirizzo: info@roccafiore.it.<\/p>\n","protected":false},"excerpt":{"rendered":"<p>Clausole di Vendita Il presente sito \u00e8 propriet\u00e0 di: IL COLLINO DI TODI SAS [row ] [col span=&#8221;1\/2&#8243; ] Sede Legale: Via Tiberina, 175 &#8211; 06059 Pantalla PGSede Operativa: Loc.&hellip;<\/p>\n","protected":false},"author":81,"featured_media":0,"parent":0,"menu_order":0,"comment_status":"closed","ping_status":"closed","template":"","meta":{"footnotes":""},"class_list":["post-3257","page","type-page","status-publish","hentry"],"yoast_head":"<!-- This site is optimized with the Yoast SEO plugin v26.7 - https:\/\/yoast.com\/wordpress\/plugins\/seo\/ -->\n<title>Legals - Roccafiore Shop<\/title>\n<meta name=\"robots\" content=\"index, follow, max-snippet:-1, max-image-preview:large, max-video-preview:-1\" \/>\n<link rel=\"canonical\" href=\"https:\/\/shop.roccafiore.it\/en\/legals\/\" \/>\n<meta property=\"og:locale\" content=\"en_US\" \/>\n<meta property=\"og:type\" content=\"article\" \/>\n<meta property=\"og:title\" content=\"Legals - Roccafiore Shop\" \/>\n<meta property=\"og:description\" content=\"Clausole di Vendita Il presente sito \u00e8 propriet\u00e0 di: IL COLLINO DI TODI SAS [row ] [col span=&#8221;1\/2&#8243; ] Sede Legale: Via Tiberina, 175 &#8211; 06059 Pantalla PGSede Operativa: Loc.&hellip;\" \/>\n<meta property=\"og:url\" content=\"https:\/\/shop.roccafiore.it\/en\/legals\/\" \/>\n<meta property=\"og:site_name\" content=\"Roccafiore Shop\" \/>\n<meta property=\"article:publisher\" content=\"https:\/\/www.facebook.com\/RoccafioreResort\" \/>\n<meta property=\"article:modified_time\" content=\"2015-04-27T07:56:30+00:00\" \/>\n<meta name=\"twitter:card\" content=\"summary_large_image\" \/>\n<meta name=\"twitter:label1\" content=\"Est. reading time\" \/>\n\t<meta name=\"twitter:data1\" content=\"12 minutes\" \/>\n<script type=\"application\/ld+json\" class=\"yoast-schema-graph\">{\"@context\":\"https:\/\/schema.org\",\"@graph\":[{\"@type\":\"WebPage\",\"@id\":\"https:\/\/shop.roccafiore.it\/en\/legals\/\",\"url\":\"https:\/\/shop.roccafiore.it\/en\/legals\/\",\"name\":\"Legals - Roccafiore Shop\",\"isPartOf\":{\"@id\":\"https:\/\/shop.roccafiore.it\/en\/#website\"},\"datePublished\":\"2015-03-24T17:14:07+00:00\",\"dateModified\":\"2015-04-27T07:56:30+00:00\",\"breadcrumb\":{\"@id\":\"https:\/\/shop.roccafiore.it\/en\/legals\/#breadcrumb\"},\"inLanguage\":\"en-US\",\"potentialAction\":[{\"@type\":\"ReadAction\",\"target\":[\"https:\/\/shop.roccafiore.it\/en\/legals\/\"]}]},{\"@type\":\"BreadcrumbList\",\"@id\":\"https:\/\/shop.roccafiore.it\/en\/legals\/#breadcrumb\",\"itemListElement\":[{\"@type\":\"ListItem\",\"position\":1,\"name\":\"Home\",\"item\":\"https:\/\/shop.roccafiore.it\/en\/shop_roccafiore\/\"},{\"@type\":\"ListItem\",\"position\":2,\"name\":\"Legals\"}]},{\"@type\":\"WebSite\",\"@id\":\"https:\/\/shop.roccafiore.it\/en\/#website\",\"url\":\"https:\/\/shop.roccafiore.it\/en\/\",\"name\":\"Roccafiore Shop\",\"description\":\"\",\"potentialAction\":[{\"@type\":\"SearchAction\",\"target\":{\"@type\":\"EntryPoint\",\"urlTemplate\":\"https:\/\/shop.roccafiore.it\/en\/?s={search_term_string}\"},\"query-input\":{\"@type\":\"PropertyValueSpecification\",\"valueRequired\":true,\"valueName\":\"search_term_string\"}}],\"inLanguage\":\"en-US\"}]}<\/script>\n<!-- \/ Yoast SEO plugin. -->","yoast_head_json":{"title":"Legals - Roccafiore Shop","robots":{"index":"index","follow":"follow","max-snippet":"max-snippet:-1","max-image-preview":"max-image-preview:large","max-video-preview":"max-video-preview:-1"},"canonical":"https:\/\/shop.roccafiore.it\/en\/legals\/","og_locale":"en_US","og_type":"article","og_title":"Legals - Roccafiore Shop","og_description":"Clausole di Vendita Il presente sito \u00e8 propriet\u00e0 di: IL COLLINO DI TODI SAS [row ] [col span=&#8221;1\/2&#8243; ] Sede Legale: Via Tiberina, 175 &#8211; 06059 Pantalla PGSede Operativa: Loc.&hellip;","og_url":"https:\/\/shop.roccafiore.it\/en\/legals\/","og_site_name":"Roccafiore Shop","article_publisher":"https:\/\/www.facebook.com\/RoccafioreResort","article_modified_time":"2015-04-27T07:56:30+00:00","twitter_card":"summary_large_image","twitter_misc":{"Est. reading time":"12 minutes"},"schema":{"@context":"https:\/\/schema.org","@graph":[{"@type":"WebPage","@id":"https:\/\/shop.roccafiore.it\/en\/legals\/","url":"https:\/\/shop.roccafiore.it\/en\/legals\/","name":"Legals - Roccafiore Shop","isPartOf":{"@id":"https:\/\/shop.roccafiore.it\/en\/#website"},"datePublished":"2015-03-24T17:14:07+00:00","dateModified":"2015-04-27T07:56:30+00:00","breadcrumb":{"@id":"https:\/\/shop.roccafiore.it\/en\/legals\/#breadcrumb"},"inLanguage":"en-US","potentialAction":[{"@type":"ReadAction","target":["https:\/\/shop.roccafiore.it\/en\/legals\/"]}]},{"@type":"BreadcrumbList","@id":"https:\/\/shop.roccafiore.it\/en\/legals\/#breadcrumb","itemListElement":[{"@type":"ListItem","position":1,"name":"Home","item":"https:\/\/shop.roccafiore.it\/en\/shop_roccafiore\/"},{"@type":"ListItem","position":2,"name":"Legals"}]},{"@type":"WebSite","@id":"https:\/\/shop.roccafiore.it\/en\/#website","url":"https:\/\/shop.roccafiore.it\/en\/","name":"Roccafiore Shop","description":"","potentialAction":[{"@type":"SearchAction","target":{"@type":"EntryPoint","urlTemplate":"https:\/\/shop.roccafiore.it\/en\/?s={search_term_string}"},"query-input":{"@type":"PropertyValueSpecification","valueRequired":true,"valueName":"search_term_string"}}],"inLanguage":"en-US"}]}},"_links":{"self":[{"href":"https:\/\/shop.roccafiore.it\/en\/wp-json\/wp\/v2\/pages\/3257","targetHints":{"allow":["GET"]}}],"collection":[{"href":"https:\/\/shop.roccafiore.it\/en\/wp-json\/wp\/v2\/pages"}],"about":[{"href":"https:\/\/shop.roccafiore.it\/en\/wp-json\/wp\/v2\/types\/page"}],"author":[{"embeddable":true,"href":"https:\/\/shop.roccafiore.it\/en\/wp-json\/wp\/v2\/users\/81"}],"replies":[{"embeddable":true,"href":"https:\/\/shop.roccafiore.it\/en\/wp-json\/wp\/v2\/comments?post=3257"}],"version-history":[{"count":7,"href":"https:\/\/shop.roccafiore.it\/en\/wp-json\/wp\/v2\/pages\/3257\/revisions"}],"predecessor-version":[{"id":3433,"href":"https:\/\/shop.roccafiore.it\/en\/wp-json\/wp\/v2\/pages\/3257\/revisions\/3433"}],"wp:attachment":[{"href":"https:\/\/shop.roccafiore.it\/en\/wp-json\/wp\/v2\/media?parent=3257"}],"curies":[{"name":"wp","href":"https:\/\/api.w.org\/{rel}","templated":true}]}}